{"id":2059,"date":"2021-09-07T13:45:05","date_gmt":"2021-09-07T11:45:05","guid":{"rendered":"https:\/\/dev2.lexplorateurdugout.com\/our-brands\/"},"modified":"2021-11-24T11:58:17","modified_gmt":"2021-11-24T10:58:17","slug":"our-brands","status":"publish","type":"page","link":"https:\/\/lexplorateurdugout.com\/en\/our-brands\/","title":{"rendered":"Our brands"},"content":{"rendered":"<p>[et_pb_section fb_built=&#8221;1&#8243; _builder_version=&#8221;4.9.7&#8243; _module_preset=&#8221;default&#8221; global_colors_info=&#8221;{}&#8221;][et_pb_row _builder_version=&#8221;4.9.9&#8243; _module_preset=&#8221;default&#8221; custom_padding=&#8221;0px|||||&#8221; global_colors_info=&#8221;{}&#8221;][et_pb_column type=&#8221;4_4&#8243; _builder_version=&#8221;4.9.7&#8243; _module_preset=&#8221;default&#8221; global_colors_info=&#8221;{}&#8221;][et_pb_text _builder_version=&#8221;4.9.9&#8243; _module_preset=&#8221;default&#8221; header_text_align=&#8221;center&#8221; text_orientation=&#8221;center&#8221; custom_margin=&#8221;||50px|||&#8221; animation_style=&#8221;fade&#8221; global_colors_info=&#8221;{}&#8221;]<\/p>\n<h1><strong>An exclusive selection of natural &amp; craft spirits<\/strong><\/h1>\n<p>L&#8217;Explorateur du Go\u00fbt hand-selects original spirits that have a genuine story behind them, perfect additions to your shop or bar. These spirits are crafted by independent producers who are passionate about quality and respect for savoir-faire.<\/p>\n<p>[\/et_pb_text][et_pb_button button_text=&#8221;Download the book&#8221; button_alignment=&#8221;center&#8221; _builder_version=&#8221;4.10.8&#8243; _module_preset=&#8221;092c5ed2-fea4-41ea-98e8-c4cc35a530ea&#8221; animation_style=&#8221;fade&#8221; hover_enabled=&#8221;0&#8243; global_colors_info=&#8221;{}&#8221; button_url=&#8221;https:\/\/lexplorateurdugout.com\/telecharger-le-catalogue\/&#8221; sticky_enabled=&#8221;0&#8243;][\/et_pb_button][et_pb_code _builder_version=&#8221;4.9.9&#8243; _module_preset=&#8221;default&#8221; animation_style=&#8221;fade&#8221; global_colors_info=&#8221;{}&#8221;]\n  <form action=\"https:\/\/lexplorateurdugout.com\/wp-admin\/admin-ajax.php\" method=\"POST\" id=\"filter\" class=\"filtres-marques\">\n    <div>\n      <label>Alcohol<\/label><select class=\"alcool-list select-filter\" name=\"alcool\">\n            <option value=\"%\">All<\/option><option value=\"77\">Aperitif and others<\/option><option value=\"48\">Gin - Vodka<\/option><option value=\"60\">Rum<\/option><option value=\"76\">Soda &amp; Tonic<\/option><option value=\"59\">Whisky<\/option><\/select>    <\/div>\n\n    <div>\n      <label>Origin<\/label><select class=\"provenance-list select-filter\" name=\"provenance\">\n            <option value=\"%\">All<\/option><option value=\"66\">Asia &amp; Indian Ocean<\/option><option value=\"68\">Caribbean<\/option><option value=\"47\">France<\/option><option value=\"55\">Germany<\/option><option value=\"62\">Japan<\/option><option value=\"63\">Martinique<\/option><option value=\"64\">Mauritius Island<\/option><option value=\"57\">Scotland<\/option><option value=\"72\">Swiss<\/option><\/select>    <\/div>\n\n    <div>\n      <label for=\"orderby\">Filter by<\/label>\n      <select name=\"orderby\" id=\"\" class=\"select-filter\">\n        <option value=\"date\">The newest<\/option>\n        <option value=\"title\">from A to Z<\/option>\n      <\/select>\n    <\/div>\n\n    <div>\n      <label for=\"bio\">organic products<\/label>\n      <input type=\"checkbox\" name=\"bio\" value=\"yes\" class=\"select-filter\">\n    <\/div>\n\n    <div class=\"filter-low-impact\">\n      <label for=\"low_impact\">Low impact<\/label>\n      <input type=\"checkbox\" name=\"low_impact\" value=\"yes\" class=\"select-filter\">\n    <\/div>\n\n      <!--<button class=\"\">Filtrer<\/button>-->\n      <input type=\"hidden\" name=\"action\" value=\"myfilter\">\n\n    <\/form>\n    <div class=\"container-marques\" id=\"response\">\n                        <div class=\"bloc-marque\">\n                \n                <a href=\"https:\/\/lexplorateurdugout.com\/en\/brands\/taisteal\/\">\n                  <div class=\"container-etiquette\">         \n                     \n                  <\/div>\n                \n                  <div class=\"image-marque\">\n                    <img decoding=\"async\" width=\"1500\" height=\"1500\" src=\"https:\/\/lexplorateurdugout.com\/wp-content\/uploads\/2021\/12\/TaistealBlended.jpg\" class=\"img-responsive responsive--full wp-post-image\" alt=\"\" srcset=\"https:\/\/lexplorateurdugout.com\/wp-content\/uploads\/2021\/12\/TaistealBlended.jpg 1500w, https:\/\/lexplorateurdugout.com\/wp-content\/uploads\/2021\/12\/TaistealBlended-1280x1280.jpg 1280w, https:\/\/lexplorateurdugout.com\/wp-content\/uploads\/2021\/12\/TaistealBlended-980x980.jpg 980w, https:\/\/lexplorateurdugout.com\/wp-content\/uploads\/2021\/12\/TaistealBlended-480x480.jpg 480w\" sizes=\"(min-width: 0px) and (max-width: 480px) 480px, (min-width: 481px) and (max-width: 980px) 980px, (min-width: 981px) and (max-width: 1280px) 1280px, (min-width: 1281px) 1500px, 100vw\" \/>                  <\/div>\n                  <h3>Taisteal<\/h3>\n                  <span class=\"d-block taxonomie-marque\">Whisky<\/span>                <\/a>\n              <\/div>              <div class=\"bloc-marque\">\n                \n                <a href=\"https:\/\/lexplorateurdugout.com\/en\/brands\/okinawa-gin\/\">\n                  <div class=\"container-etiquette\">         \n                     \n                  <\/div>\n                \n                  <div class=\"image-marque\">\n                    <img decoding=\"async\" width=\"1500\" height=\"1500\" src=\"https:\/\/lexplorateurdugout.com\/wp-content\/uploads\/2021\/12\/OkinawaGin.jpg\" class=\"img-responsive responsive--full wp-post-image\" alt=\"\" srcset=\"https:\/\/lexplorateurdugout.com\/wp-content\/uploads\/2021\/12\/OkinawaGin.jpg 1500w, https:\/\/lexplorateurdugout.com\/wp-content\/uploads\/2021\/12\/OkinawaGin-1280x1280.jpg 1280w, https:\/\/lexplorateurdugout.com\/wp-content\/uploads\/2021\/12\/OkinawaGin-980x980.jpg 980w, https:\/\/lexplorateurdugout.com\/wp-content\/uploads\/2021\/12\/OkinawaGin-480x480.jpg 480w\" sizes=\"(min-width: 0px) and (max-width: 480px) 480px, (min-width: 481px) and (max-width: 980px) 980px, (min-width: 981px) and (max-width: 1280px) 1280px, (min-width: 1281px) 1500px, 100vw\" \/>                  <\/div>\n                  <h3>Okinawa Gin<\/h3>\n                  <span class=\"d-block taxonomie-marque\">Gin - Vodka<\/span>                <\/a>\n              <\/div>              <div class=\"bloc-marque\">\n                \n                <a href=\"https:\/\/lexplorateurdugout.com\/en\/brands\/shinobu-whisky\/\">\n                  <div class=\"container-etiquette\">         \n                     \n                  <\/div>\n                \n                  <div class=\"image-marque\">\n                    <img decoding=\"async\" width=\"500\" height=\"500\" src=\"https:\/\/lexplorateurdugout.com\/wp-content\/uploads\/2021\/12\/shinobu-blended-whisky.jpg\" class=\"img-responsive responsive--full wp-post-image\" alt=\"shinobu whisky japonais blended whisky\" srcset=\"https:\/\/lexplorateurdugout.com\/wp-content\/uploads\/2021\/12\/shinobu-blended-whisky.jpg 500w, https:\/\/lexplorateurdugout.com\/wp-content\/uploads\/2021\/12\/shinobu-blended-whisky-480x480.jpg 480w\" sizes=\"(min-width: 0px) and (max-width: 480px) 480px, (min-width: 481px) 500px, 100vw\" \/>                  <\/div>\n                  <h3>Shinobu Whisky<\/h3>\n                  <span class=\"d-block taxonomie-marque\">Whisky<\/span>                <\/a>\n              <\/div>              <div class=\"bloc-marque\">\n                \n                <a href=\"https:\/\/lexplorateurdugout.com\/en\/brands\/zaka-rum\/\">\n                  <div class=\"container-etiquette\">         \n                     \n                  <\/div>\n                \n                  <div class=\"image-marque\">\n                    <img decoding=\"async\" width=\"220\" height=\"207\" src=\"https:\/\/lexplorateurdugout.com\/wp-content\/uploads\/2021\/07\/mauritius-zaka.png\" class=\"img-responsive responsive--full wp-post-image\" alt=\"\" \/>                  <\/div>\n                  <h3>Zaka Rum<\/h3>\n                  <span class=\"d-block taxonomie-marque\">Rum<\/span>                <\/a>\n              <\/div>              <div class=\"bloc-marque\">\n                \n                <a href=\"https:\/\/lexplorateurdugout.com\/en\/brands\/larusee\/\">\n                  <div class=\"container-etiquette\">         \n                     \n                  <\/div>\n                \n                  <div class=\"image-marque\">\n                    <img decoding=\"async\" width=\"1440\" height=\"1440\" src=\"https:\/\/lexplorateurdugout.com\/wp-content\/uploads\/2019\/12\/LaruseeAbsinthe.jpg\" class=\"img-responsive responsive--full wp-post-image\" alt=\"larus\u00e9e absinthe bleue\" srcset=\"https:\/\/lexplorateurdugout.com\/wp-content\/uploads\/2019\/12\/LaruseeAbsinthe.jpg 1440w, https:\/\/lexplorateurdugout.com\/wp-content\/uploads\/2019\/12\/LaruseeAbsinthe-1280x1280.jpg 1280w, https:\/\/lexplorateurdugout.com\/wp-content\/uploads\/2019\/12\/LaruseeAbsinthe-980x980.jpg 980w, https:\/\/lexplorateurdugout.com\/wp-content\/uploads\/2019\/12\/LaruseeAbsinthe-480x480.jpg 480w\" sizes=\"(min-width: 0px) and (max-width: 480px) 480px, (min-width: 481px) and (max-width: 980px) 980px, (min-width: 981px) and (max-width: 1280px) 1280px, (min-width: 1281px) 1440px, 100vw\" \/>                  <\/div>\n                  <h3>Larus\u00e9e<\/h3>\n                  <span class=\"d-block taxonomie-marque\">Aperitif and others<\/span>                <\/a>\n              <\/div>              <div class=\"bloc-marque\">\n                \n                <a href=\"https:\/\/lexplorateurdugout.com\/en\/brands\/artonic\/\">\n                  <div class=\"container-etiquette\">         \n                     \n                  <\/div>\n                \n                  <div class=\"image-marque\">\n                    <img decoding=\"async\" width=\"1440\" height=\"1440\" src=\"https:\/\/lexplorateurdugout.com\/wp-content\/uploads\/2020\/01\/ArtonicIndianTonicWater.jpg\" class=\"img-responsive responsive--full wp-post-image\" alt=\"artonic tonic bio et fran\u00e7ais format 50cl cocktails peu sucr\u00e9s\" srcset=\"https:\/\/lexplorateurdugout.com\/wp-content\/uploads\/2020\/01\/ArtonicIndianTonicWater.jpg 1440w, https:\/\/lexplorateurdugout.com\/wp-content\/uploads\/2020\/01\/ArtonicIndianTonicWater-1280x1280.jpg 1280w, https:\/\/lexplorateurdugout.com\/wp-content\/uploads\/2020\/01\/ArtonicIndianTonicWater-980x980.jpg 980w, https:\/\/lexplorateurdugout.com\/wp-content\/uploads\/2020\/01\/ArtonicIndianTonicWater-480x480.jpg 480w\" sizes=\"(min-width: 0px) and (max-width: 480px) 480px, (min-width: 481px) and (max-width: 980px) 980px, (min-width: 981px) and (max-width: 1280px) 1280px, (min-width: 1281px) 1440px, 100vw\" \/>                  <\/div>\n                  <h3>ARTONIC<\/h3>\n                  <span class=\"d-block taxonomie-marque\">Soda &amp; Tonic<\/span>                <\/a>\n              <\/div>              <div class=\"bloc-marque\">\n                \n                <a href=\"https:\/\/lexplorateurdugout.com\/en\/brands\/larrange-francais\/\">\n                  <div class=\"container-etiquette\">         \n                     \n                  <\/div>\n                \n                  <div class=\"image-marque\">\n                    <img decoding=\"async\" width=\"1440\" height=\"1440\" src=\"https:\/\/lexplorateurdugout.com\/wp-content\/uploads\/2021\/11\/LArrangeFrancaisCitronVertGingembre-2.jpg\" class=\"img-responsive responsive--full wp-post-image\" alt=\"l&#039;arrang\u00e9 fran\u00e7ais rhum arrang\u00e9 citron vert gingembre\" srcset=\"https:\/\/lexplorateurdugout.com\/wp-content\/uploads\/2021\/11\/LArrangeFrancaisCitronVertGingembre-2.jpg 1440w, https:\/\/lexplorateurdugout.com\/wp-content\/uploads\/2021\/11\/LArrangeFrancaisCitronVertGingembre-2-1280x1280.jpg 1280w, https:\/\/lexplorateurdugout.com\/wp-content\/uploads\/2021\/11\/LArrangeFrancaisCitronVertGingembre-2-980x980.jpg 980w, https:\/\/lexplorateurdugout.com\/wp-content\/uploads\/2021\/11\/LArrangeFrancaisCitronVertGingembre-2-480x480.jpg 480w\" sizes=\"(min-width: 0px) and (max-width: 480px) 480px, (min-width: 481px) and (max-width: 980px) 980px, (min-width: 981px) and (max-width: 1280px) 1280px, (min-width: 1281px) 1440px, 100vw\" \/>                  <\/div>\n                  <h3>L\u2019Arrang\u00e9 Fran\u00e7ais<\/h3>\n                  <span class=\"d-block taxonomie-marque\">Rum<\/span>                <\/a>\n              <\/div>              <div class=\"bloc-marque\">\n                \n                <a href=\"https:\/\/lexplorateurdugout.com\/en\/brands\/kujira\/\">\n                  <div class=\"container-etiquette\">         \n                     \n                  <\/div>\n                \n                  <div class=\"image-marque\">\n                    <img decoding=\"async\" width=\"165\" height=\"220\" src=\"https:\/\/lexplorateurdugout.com\/wp-content\/uploads\/2021\/07\/Kujira-20-ans.jpg\" class=\"img-responsive responsive--full wp-post-image\" alt=\"\" \/>                  <\/div>\n                  <h3>Kujira<\/h3>\n                  <span class=\"d-block taxonomie-marque\">Whisky<\/span>                <\/a>\n              <\/div>              <div class=\"bloc-marque\">\n                \n                <a href=\"https:\/\/lexplorateurdugout.com\/en\/brands\/brick-gin-bio\/\">\n                  <div class=\"container-etiquette\">         \n                     \n                  <\/div>\n                \n                  <div class=\"image-marque\">\n                    <img decoding=\"async\" width=\"540\" height=\"540\" src=\"https:\/\/lexplorateurdugout.com\/wp-content\/uploads\/2018\/08\/Untitled-design-7.png\" class=\"img-responsive responsive--full wp-post-image\" alt=\"\" srcset=\"https:\/\/lexplorateurdugout.com\/wp-content\/uploads\/2018\/08\/Untitled-design-7.png 540w, https:\/\/lexplorateurdugout.com\/wp-content\/uploads\/2018\/08\/Untitled-design-7-480x480.png 480w\" sizes=\"(min-width: 0px) and (max-width: 480px) 480px, (min-width: 481px) 540px, 100vw\" \/>                  <\/div>\n                  <h3>Brick Gin<\/h3>\n                  <span class=\"d-block taxonomie-marque\">Gin - Vodka<\/span>                <\/a>\n              <\/div>    \n    <\/div>\n    [\/et_pb_code][\/et_pb_column][\/et_pb_row][\/et_pb_section]<\/p>\n","protected":false},"excerpt":{"rendered":"","protected":false},"author":1,"featured_media":0,"parent":0,"menu_order":0,"comment_status":"closed","ping_status":"closed","template":"","meta":{"_acf_changed":false,"_et_pb_use_builder":"on","_et_pb_old_content":"","_et_gb_content_width":"","footnotes":""},"acf":[],"_links":{"self":[{"href":"https:\/\/lexplorateurdugout.com\/en\/wp-json\/wp\/v2\/pages\/2059"}],"collection":[{"href":"https:\/\/lexplorateurdugout.com\/en\/wp-json\/wp\/v2\/pages"}],"about":[{"href":"https:\/\/lexplorateurdugout.com\/en\/wp-json\/wp\/v2\/types\/page"}],"author":[{"embeddable":true,"href":"https:\/\/lexplorateurdugout.com\/en\/wp-json\/wp\/v2\/users\/1"}],"replies":[{"embeddable":true,"href":"https:\/\/lexplorateurdugout.com\/en\/wp-json\/wp\/v2\/comments?post=2059"}],"version-history":[{"count":0,"href":"https:\/\/lexplorateurdugout.com\/en\/wp-json\/wp\/v2\/pages\/2059\/revisions"}],"wp:attachment":[{"href":"https:\/\/lexplorateurdugout.com\/en\/wp-json\/wp\/v2\/media?parent=2059"}],"curies":[{"name":"wp","href":"https:\/\/api.w.org\/{rel}","templated":true}]}}