{"id":5088,"date":"2021-12-10T14:36:10","date_gmt":"2021-12-10T13:36:10","guid":{"rendered":"https:\/\/dev2.lexplorateurdugout.com\/?page_id=5088"},"modified":"2021-12-10T14:36:12","modified_gmt":"2021-12-10T13:36:12","slug":"our-value","status":"publish","type":"page","link":"https:\/\/lexplorateurdugout.com\/en\/our-value\/","title":{"rendered":"Our value"},"content":{"rendered":"\n\n[et_pb_section fb_built=&#8221;1&#8243; _builder_version=&#8221;4.10.8&#8243; _module_preset=&#8221;default&#8221; use_background_color_gradient=&#8221;on&#8221; background_color_gradient_start=&#8221;#ffffff&#8221; background_color_gradient_end=&#8221;rgba(0,0,0,0)&#8221; background_color_gradient_direction=&#8221;90deg&#8221; background_color_gradient_overlays_image=&#8221;on&#8221; background_image=&#8221;https:\/\/lexplorateurdugout.com\/wp-content\/uploads\/2021\/07\/lexplorateur-du-gout-valeurs.jpg&#8221; animation_style=&#8221;fade&#8221; background_last_edited=&#8221;on|phone&#8221; use_background_color_gradient_phone=&#8221;on&#8221; background_color_gradient_end_phone=&#8221;rgba(255,255,255,0.5)&#8221; global_colors_info=&#8221;{}&#8221;][et_pb_row _builder_version=&#8221;4.9.9&#8243; _module_preset=&#8221;default&#8221; global_colors_info=&#8221;{}&#8221;][et_pb_column type=&#8221;4_4&#8243; _builder_version=&#8221;4.9.9&#8243; _module_preset=&#8221;default&#8221; global_colors_info=&#8221;{}&#8221;][et_pb_text _builder_version=&#8221;4.9.9&#8243; _module_preset=&#8221;default&#8221; custom_margin=&#8221;||7px|||&#8221; global_colors_info=&#8221;{}&#8221;]<h1>Our Value<\/h1>[\/et_pb_text][et_pb_divider divider_weight=&#8221;2px&#8221; _builder_version=&#8221;4.9.9&#8243; _module_preset=&#8221;default&#8221; max_width=&#8221;80px&#8221; custom_margin=&#8221;-30px||||false|false&#8221; global_colors_info=&#8221;{}&#8221;][\/et_pb_divider][et_pb_text _builder_version=&#8221;4.9.9&#8243; _module_preset=&#8221;default&#8221; max_width=&#8221;510px&#8221; global_colors_info=&#8221;{}&#8221;]<p>At L&#8217;Explorateur du Go\u00fbt, we believe that true luxury comes from respect, for oneself and for others, and from sincerity. We seek to bring you this luxury through a portfolio of natural, authentic products and an attentive service that reflect our values.<\/p>[\/et_pb_text][\/et_pb_column][\/et_pb_row][\/et_pb_section][et_pb_section fb_built=&#8221;1&#8243; _builder_version=&#8221;4.9.9&#8243; _module_preset=&#8221;default&#8221; hover_enabled=&#8221;0&#8243; global_colors_info=&#8221;{}&#8221; sticky_enabled=&#8221;0&#8243;][et_pb_row column_structure=&#8221;1_2,1_2&#8243; make_equal=&#8221;on&#8221; _builder_version=&#8221;4.10.8&#8243; _module_preset=&#8221;default&#8221; custom_padding=&#8221;0px||50px|||&#8221; animation_style=&#8221;fade&#8221; global_colors_info=&#8221;{}&#8221;][et_pb_column type=&#8221;1_2&#8243; _builder_version=&#8221;4.9.9&#8243; _module_preset=&#8221;default&#8221; global_colors_info=&#8221;{}&#8221;][et_pb_text _builder_version=&#8221;4.12.1&#8243; _module_preset=&#8221;default&#8221; hover_enabled=&#8221;0&#8243; global_colors_info=&#8221;{}&#8221; sticky_enabled=&#8221;0&#8243;]<h2>QUALITY<\/h2>[\/et_pb_text][et_pb_divider divider_weight=&#8221;2px&#8221; _builder_version=&#8221;4.9.9&#8243; _module_preset=&#8221;default&#8221; max_width=&#8221;20px&#8221; custom_margin=&#8221;-20px||||false|false&#8221; global_colors_info=&#8221;{}&#8221;][\/et_pb_divider][et_pb_text _builder_version=&#8221;4.12.1&#8243; _module_preset=&#8221;default&#8221; header_3_text_color=&#8221;#A6192E&#8221; hover_enabled=&#8221;0&#8243; global_colors_info=&#8221;{}&#8221; sticky_enabled=&#8221;0&#8243;]<p>L&#8217;Explorateur du Go\u00fbt is a French company <strong>that seeks out products that have achieved taste excellence but with respect for the planet and those who live on it<\/strong>. We hand-select our spirits for their finesse, their high quality and the story behind them.<\/p>[\/et_pb_text][et_pb_text _builder_version=&#8221;4.12.1&#8243; _module_preset=&#8221;default&#8221; header_3_text_color=&#8221;#A6192E&#8221; global_colors_info=&#8221;{}&#8221;]<p>Our mission is to take you on a fabulous journey of tastes and flavours through some unique and ethical products and, to do this, we always start by meeting the producers who are passionate about the work they are doing.<\/p>[\/et_pb_text][et_pb_text _builder_version=&#8221;4.10.8&#8243; _module_preset=&#8221;default&#8221; header_3_text_color=&#8221;#A6192E&#8221; global_colors_info=&#8221;{}&#8221;]<p>As we believe that quality is synonymous with honesty, all our products are natural and free of additives and some are organically certified. What&#8217;s more, all of our rums have the &#8220;Pur Rhum&#8221; label, guaranteeing their compliance with legal requirements and providing full transparency.<\/p>[\/et_pb_text][\/et_pb_column][et_pb_column type=&#8221;1_2&#8243; _builder_version=&#8221;4.10.8&#8243; _module_preset=&#8221;default&#8221; background_image=&#8221;https:\/\/lexplorateurdugout.com\/wp-content\/uploads\/2021\/10\/qualite-valeur-explorateu-du-gout.jpg&#8221; custom_padding=&#8221;||||true|false&#8221; custom_padding_tablet=&#8221;||||true|false&#8221; custom_padding_phone=&#8221;||||true|false&#8221; custom_padding_last_edited=&#8221;on|phone&#8221; background_last_edited=&#8221;on|tablet&#8221; background_enable_image_tablet=&#8221;off&#8221; global_colors_info=&#8221;{}&#8221;][et_pb_image src=&#8221;https:\/\/lexplorateurdugout.com\/wp-content\/uploads\/2021\/10\/qualite-valeur-explorateu-du-gout.jpg&#8221; title_text=&#8221;qualite-valeur-explorateu-du-gout&#8221; disabled_on=&#8221;off|off|on&#8221; _builder_version=&#8221;4.10.8&#8243; _module_preset=&#8221;default&#8221; global_colors_info=&#8221;{}&#8221;][\/et_pb_image][\/et_pb_column][\/et_pb_row][et_pb_row column_structure=&#8221;1_2,1_2&#8243; make_equal=&#8221;on&#8221; custom_padding_last_edited=&#8221;on|phone&#8221; _builder_version=&#8221;4.10.8&#8243; _module_preset=&#8221;default&#8221; custom_margin=&#8221;|auto|28px|auto||&#8221; custom_padding=&#8221;||50px|||&#8221; custom_padding_tablet=&#8221;&#8221; custom_padding_phone=&#8221;0px||||false|false&#8221; animation_style=&#8221;fade&#8221; global_colors_info=&#8221;{}&#8221; custom_css_main_element_last_edited=&#8221;on|tablet&#8221; custom_css_main_element_tablet=&#8221;display:flex;||flex-direction:column;&#8221; custom_css_main_element_phone=&#8221;display:flex;||flex-direction:column;&#8221;][et_pb_column type=&#8221;1_2&#8243; _builder_version=&#8221;4.10.8&#8243; _module_preset=&#8221;default&#8221; background_image=&#8221;https:\/\/lexplorateurdugout.com\/wp-content\/uploads\/2021\/10\/sincerite-valeur-explorateur-du-gout.jpg&#8221; custom_padding_tablet=&#8221;||||true|false&#8221; custom_padding_phone=&#8221;||||true|false&#8221; custom_padding_last_edited=&#8221;on|phone&#8221; background_last_edited=&#8221;on|tablet&#8221; background_enable_image_tablet=&#8221;off&#8221; global_colors_info=&#8221;{}&#8221; custom_css_main_element_last_edited=&#8221;on|tablet&#8221; custom_css_main_element_tablet=&#8221;order:2;&#8221; custom_css_main_element_phone=&#8221;order:2;&#8221;][et_pb_image src=&#8221;https:\/\/lexplorateurdugout.com\/wp-content\/uploads\/2021\/10\/sincerite-valeur-explorateur-du-gout.jpg&#8221; title_text=&#8221;sincerite-valeur-explorateur-du-gout&#8221; disabled_on=&#8221;off|off|on&#8221; _builder_version=&#8221;4.10.8&#8243; _module_preset=&#8221;default&#8221; global_colors_info=&#8221;{}&#8221;][\/et_pb_image][\/et_pb_column][et_pb_column type=&#8221;1_2&#8243; _builder_version=&#8221;4.10.8&#8243; _module_preset=&#8221;default&#8221; global_colors_info=&#8221;{}&#8221; custom_css_main_element_last_edited=&#8221;on|tablet&#8221; custom_css_main_element_tablet=&#8221;order:1;||&#8221; custom_css_main_element_phone=&#8221;order:1;||&#8221;][et_pb_text _builder_version=&#8221;4.10.3&#8243; _module_preset=&#8221;default&#8221; global_colors_info=&#8221;{}&#8221;]<h2>SINCERITY<\/h2>[\/et_pb_text][et_pb_divider divider_weight=&#8221;2px&#8221; _builder_version=&#8221;4.9.9&#8243; _module_preset=&#8221;default&#8221; max_width=&#8221;20px&#8221; custom_margin=&#8221;-20px||||false|false&#8221; global_colors_info=&#8221;{}&#8221;][\/et_pb_divider][et_pb_text _builder_version=&#8221;4.10.8&#8243; _module_preset=&#8221;default&#8221; custom_padding=&#8221;||30px|||&#8221; global_colors_info=&#8221;{}&#8221;]<p>Our business is above all about passion and commitment\u2026 we are committed to <strong>uncovering the hidden treasures of the spirits world and telling the story of some people who are dedicated to creating, inventing or passing on a savoir-faire.<\/strong><\/p>\n<p>You will find this emotion inside each of our bottles: the commitment of men and women, journeys and adventures captured in our spirits for your drinking pleasure.<\/p>[\/et_pb_text][\/et_pb_column][\/et_pb_row][et_pb_row column_structure=&#8221;1_2,1_2&#8243; make_equal=&#8221;on&#8221; custom_padding_last_edited=&#8221;on|phone&#8221; _builder_version=&#8221;4.10.8&#8243; _module_preset=&#8221;default&#8221; custom_padding=&#8221;0px||50px|||&#8221; custom_padding_tablet=&#8221;&#8221; custom_padding_phone=&#8221;||0px||false|false&#8221; animation_style=&#8221;fade&#8221; global_colors_info=&#8221;{}&#8221;][et_pb_column type=&#8221;1_2&#8243; _builder_version=&#8221;4.9.9&#8243; _module_preset=&#8221;default&#8221; global_colors_info=&#8221;{}&#8221;][et_pb_text _builder_version=&#8221;4.10.3&#8243; _module_preset=&#8221;default&#8221; global_colors_info=&#8221;{}&#8221;]<h2>ETHICS<\/h2>[\/et_pb_text][et_pb_divider divider_weight=&#8221;2px&#8221; _builder_version=&#8221;4.9.9&#8243; _module_preset=&#8221;default&#8221; max_width=&#8221;20px&#8221; custom_margin=&#8221;-20px||||false|false&#8221; global_colors_info=&#8221;{}&#8221;][\/et_pb_divider][et_pb_text _builder_version=&#8221;4.10.8&#8243; _module_preset=&#8221;default&#8221; header_3_text_color=&#8221;#A6192E&#8221; global_colors_info=&#8221;{}&#8221;]<p>The L&#8217;Explorateur du Go\u00fbt team works closely with its customers and partners to develop sustainable and eco-friendly solutions together.<\/p>[\/et_pb_text][et_pb_text _builder_version=&#8221;4.10.8&#8243; _module_preset=&#8221;default&#8221; header_3_text_color=&#8221;#A6192E&#8221; global_colors_info=&#8221;{}&#8221;]<p><strong>Innovation and creativity are at the heart of our ethos and practices:<\/strong> they are embedded in our day-to-day work allowing us to challenge conventional wisdom and move slowly but surely towards more sustainable and responsible consumption.<\/p>[\/et_pb_text][et_pb_text _builder_version=&#8221;4.12.1&#8243; _module_preset=&#8221;default&#8221; header_3_text_color=&#8221;#A6192E&#8221; hover_enabled=&#8221;0&#8243; global_colors_info=&#8221;{}&#8221; sticky_enabled=&#8221;0&#8243;]<p>For example, our agility and pioneering mindset have allowed us to offer you new distribution models such as the Spirith\u00e8que concept. We work closely with our producers and partners sustainably and ethically.<\/p>[\/et_pb_text][\/et_pb_column][et_pb_column type=&#8221;1_2&#8243; _builder_version=&#8221;4.10.8&#8243; _module_preset=&#8221;default&#8221; background_image=&#8221;https:\/\/lexplorateurdugout.com\/wp-content\/uploads\/2021\/10\/Spiritheque.jpg&#8221; custom_padding_tablet=&#8221;||||true|false&#8221; custom_padding_phone=&#8221;||||true|false&#8221; custom_padding_last_edited=&#8221;on|phone&#8221; background_last_edited=&#8221;on|tablet&#8221; background_enable_image_tablet=&#8221;off&#8221; global_colors_info=&#8221;{}&#8221;][\/et_pb_column][\/et_pb_row][\/et_pb_section]\n\n","protected":false},"excerpt":{"rendered":"<p>Our ValueAt L&#8217;Explorateur du Go\u00fbt, we believe that true luxury comes from respect, for oneself and for others, and from sincerity. We seek to bring you this luxury through a portfolio of natural, authentic products and an attentive service that reflect our values.QUALITYL&#8217;Explorateur du Go\u00fbt is a French company that seeks out products that have [&hellip;]<\/p>\n","protected":false},"author":1,"featured_media":0,"parent":0,"menu_order":0,"comment_status":"closed","ping_status":"closed","template":"","meta":{"_acf_changed":false,"_et_pb_use_builder":"on","_et_pb_old_content":"[et_pb_section fb_built=\"1\" _builder_version=\"4.10.8\" _module_preset=\"default\" use_background_color_gradient=\"on\" background_color_gradient_start=\"#ffffff\" background_color_gradient_end=\"rgba(0,0,0,0)\" background_color_gradient_direction=\"90deg\" background_color_gradient_overlays_image=\"on\" background_image=\"https:\/\/lexplorateurdugout.com\/wp-content\/uploads\/2021\/07\/lexplorateur-du-gout-valeurs.jpg\" animation_style=\"fade\" background_last_edited=\"on|phone\" use_background_color_gradient_phone=\"on\" background_color_gradient_end_phone=\"rgba(255,255,255,0.5)\" global_colors_info=\"{}\"][et_pb_row _builder_version=\"4.9.9\" _module_preset=\"default\" global_colors_info=\"{}\"][et_pb_column type=\"4_4\" _builder_version=\"4.9.9\" _module_preset=\"default\" global_colors_info=\"{}\"][et_pb_text _builder_version=\"4.9.9\" _module_preset=\"default\" custom_margin=\"||7px|||\" global_colors_info=\"{}\"]\n<h1>Nos Valeurs<\/h1>\n[\/et_pb_text][et_pb_divider divider_weight=\"2px\" _builder_version=\"4.9.9\" _module_preset=\"default\" max_width=\"80px\" custom_margin=\"-30px||||false|false\" global_colors_info=\"{}\"][\/et_pb_divider][et_pb_text _builder_version=\"4.9.9\" _module_preset=\"default\" max_width=\"510px\" global_colors_info=\"{}\"]\n\nChez L\u2019Explorateur du Go\u00fbt, nous pensons que le vrai luxe c\u2019est le respect, de soi et des autres, et la sinc\u00e9rit\u00e9. Nous avons pour ambition de vous offrir ce luxe au travers d\u2019une s\u00e9lection de produits naturels &amp; authentiques et d\u2019un service attentionn\u00e9, et qui sont le reflet de nos valeurs.\n\n[\/et_pb_text][\/et_pb_column][\/et_pb_row][\/et_pb_section][et_pb_section fb_built=\"1\" _builder_version=\"4.9.9\" _module_preset=\"default\" global_colors_info=\"{}\"][et_pb_row column_structure=\"1_2,1_2\" make_equal=\"on\" _builder_version=\"4.10.8\" _module_preset=\"default\" custom_padding=\"0px||50px|||\" animation_style=\"fade\" hover_enabled=\"0\" global_colors_info=\"{}\" sticky_enabled=\"0\"][et_pb_column type=\"1_2\" _builder_version=\"4.9.9\" _module_preset=\"default\" global_colors_info=\"{}\"][et_pb_text _builder_version=\"4.10.3\" _module_preset=\"default\" global_colors_info=\"{}\"]\n<h2>LA QUALIT\u00c9<\/h2>\n[\/et_pb_text][et_pb_divider divider_weight=\"2px\" _builder_version=\"4.9.9\" _module_preset=\"default\" max_width=\"20px\" custom_margin=\"-20px||||false|false\" global_colors_info=\"{}\"][\/et_pb_divider][et_pb_text _builder_version=\"4.10.8\" _module_preset=\"default\" header_3_text_color=\"#A6192E\" global_colors_info=\"{}\"]\n\nL\u2019Explorateur du Go\u00fbt est une entreprise fran\u00e7aise, tourn\u00e9e vers la <strong>recherche d\u2019\u00e9quilibre entre le go\u00fbt, le respect de la terre et des hommes<\/strong>. Nous s\u00e9lectionnons avec la plus grande attention des spiritueux pour leur finesse, leur qualit\u00e9 et leur histoire.\n\n[\/et_pb_text][et_pb_text _builder_version=\"4.10.8\" _module_preset=\"default\" header_3_text_color=\"#A6192E\" global_colors_info=\"{}\"]\n\nLe point de d\u00e9part de notre d\u00e9marche est la rencontre avec des producteur passionn\u00e9s par l\u2019\u00e9laboration de leur produit, pour pouvoir partager avec vous un voyage gustatif et engag\u00e9 autour de produits uniques.\n\n[\/et_pb_text][et_pb_text _builder_version=\"4.10.8\" _module_preset=\"default\" header_3_text_color=\"#A6192E\" global_colors_info=\"{}\"]\n\nQualit\u00e9 \u00e9tant synonyme d\u2019honn\u00eatet\u00e9, tous nos produits sont totalement naturels et sans additifs, certains certifi\u00e9s bio. De plus, tous nos rhums adh\u00e8rent au label Pur Rhum, qui garantit transparence et conformit\u00e9 des rhums \u00e0 la r\u00e8glementation.\n\n[\/et_pb_text][\/et_pb_column][et_pb_column type=\"1_2\" _builder_version=\"4.10.8\" _module_preset=\"default\" background_image=\"https:\/\/lexplorateurdugout.com\/wp-content\/uploads\/2021\/10\/qualite-valeur-explorateu-du-gout.jpg\" custom_padding=\"||||true|false\" custom_padding_tablet=\"||||true|false\" custom_padding_phone=\"||||true|false\" custom_padding_last_edited=\"on|phone\" hover_enabled=\"0\" global_colors_info=\"{}\" sticky_enabled=\"0\" background_last_edited=\"on|tablet\" background_enable_image_tablet=\"off\"][et_pb_image src=\"https:\/\/lexplorateurdugout.com\/wp-content\/uploads\/2021\/10\/qualite-valeur-explorateu-du-gout.jpg\" _builder_version=\"4.10.8\" _module_preset=\"default\" title_text=\"qualite-valeur-explorateu-du-gout\" disabled_on=\"off|off|on\" hover_enabled=\"0\" sticky_enabled=\"0\"][\/et_pb_image][\/et_pb_column][\/et_pb_row][et_pb_row column_structure=\"1_2,1_2\" make_equal=\"on\" custom_padding_last_edited=\"on|phone\" _builder_version=\"4.10.8\" _module_preset=\"default\" custom_margin=\"|auto|28px|auto||\" custom_padding=\"||50px|||\" custom_padding_tablet=\"\" custom_padding_phone=\"0px||||false|false\" animation_style=\"fade\" hover_enabled=\"0\" global_colors_info=\"{}\" custom_css_main_element_last_edited=\"on|tablet\" custom_css_main_element_tablet=\"display:flex;||flex-direction:column;\" sticky_enabled=\"0\"][et_pb_column type=\"1_2\" _builder_version=\"4.10.8\" _module_preset=\"default\" background_image=\"https:\/\/lexplorateurdugout.com\/wp-content\/uploads\/2021\/10\/sincerite-valeur-explorateur-du-gout.jpg\" custom_padding_tablet=\"||||true|false\" custom_padding_phone=\"||||true|false\" custom_padding_last_edited=\"on|phone\" hover_enabled=\"0\" global_colors_info=\"{}\" custom_css_main_element_last_edited=\"on|tablet\" custom_css_main_element_tablet=\"order:2;\" background_last_edited=\"on|tablet\" background_enable_image_tablet=\"off\" sticky_enabled=\"0\"][et_pb_image src=\"https:\/\/lexplorateurdugout.com\/wp-content\/uploads\/2021\/10\/sincerite-valeur-explorateur-du-gout.jpg\" _builder_version=\"4.10.8\" _module_preset=\"default\" title_text=\"sincerite-valeur-explorateur-du-gout\" hover_enabled=\"0\" sticky_enabled=\"0\" disabled_on=\"off|off|on\"][\/et_pb_image][\/et_pb_column][et_pb_column type=\"1_2\" _builder_version=\"4.10.8\" _module_preset=\"default\" global_colors_info=\"{}\" custom_css_main_element_last_edited=\"on|tablet\" custom_css_main_element_tablet=\"order:1;||\"][et_pb_text _builder_version=\"4.10.3\" _module_preset=\"default\" global_colors_info=\"{}\"]\n<h2>LA SINC\u00c9RIT\u00c9<\/h2>\n[\/et_pb_text][et_pb_divider divider_weight=\"2px\" _builder_version=\"4.9.9\" _module_preset=\"default\" max_width=\"20px\" custom_margin=\"-20px||||false|false\" global_colors_info=\"{}\"][\/et_pb_divider][et_pb_text _builder_version=\"4.10.8\" _module_preset=\"default\" custom_padding=\"||30px|||\" global_colors_info=\"{}\"]\n\nNotre m\u00e9tier, c\u2019est avant tout une passion et un engagement, ceux de <strong>faire d\u00e9couvrir avec g\u00e9n\u00e9rosit\u00e9 les tr\u00e9sors cach\u00e9s de la plan\u00e8te spiritueux et de raconter l\u2019histoire de ceux qui cr\u00e9ent, qui inventent ou qui transmettent avec conviction un savoir-faire<\/strong>.\n\nC\u2019est cette \u00e9motion que vous retrouvez dans chacun de nos flacons : l\u2019engagement d\u2019hommes et de femmes, le voyage et l\u2019aventure captur\u00e9s dans nos spiritueux pour \u00eatre partag\u00e9s avec vous.\n\n[\/et_pb_text][\/et_pb_column][\/et_pb_row][et_pb_row column_structure=\"1_2,1_2\" make_equal=\"on\" custom_padding_last_edited=\"on|phone\" _builder_version=\"4.10.8\" _module_preset=\"default\" custom_padding=\"0px||50px|||\" custom_padding_tablet=\"\" custom_padding_phone=\"||0px||false|false\" animation_style=\"fade\" hover_enabled=\"0\" global_colors_info=\"{}\" sticky_enabled=\"0\"][et_pb_column type=\"1_2\" _builder_version=\"4.9.9\" _module_preset=\"default\" global_colors_info=\"{}\"][et_pb_text _builder_version=\"4.10.3\" _module_preset=\"default\" global_colors_info=\"{}\"]\n<h2>L'ENGAGEMENT<\/h2>\n[\/et_pb_text][et_pb_divider divider_weight=\"2px\" _builder_version=\"4.9.9\" _module_preset=\"default\" max_width=\"20px\" custom_margin=\"-20px||||false|false\" global_colors_info=\"{}\"][\/et_pb_divider][et_pb_text _builder_version=\"4.10.8\" _module_preset=\"default\" header_3_text_color=\"#A6192E\" global_colors_info=\"{}\"]\n\nL\u2019\u00e9quipe de L\u2019Explorateur du Go\u00fbt est au service de ses clients et de ses partenaires pour co-construire des solutions durables et \u00e9cologiques.\n\n[\/et_pb_text][et_pb_text _builder_version=\"4.10.8\" _module_preset=\"default\" header_3_text_color=\"#A6192E\" global_colors_info=\"{}\"]\n\n<strong>L\u2019innovation et la cr\u00e9ativit\u00e9 sont au c\u0153ur de chacune de nos r\u00e9flexions et d\u00e9marches<\/strong> : elles rythment notre quotidien dans le but de remettre en question les id\u00e9es re\u00e7ues et de sans cesse progresser sur la voie d\u2019une consommation plus durable et plus responsable.\n\n[\/et_pb_text][et_pb_text _builder_version=\"4.10.8\" _module_preset=\"default\" header_3_text_color=\"#A6192E\" global_colors_info=\"{}\"]\n\nAgiles et pionniers, nous proposons par exemple de nouveaux mod\u00e8les de distribution gr\u00e2ce au projet Spirith\u00e8que. Une approche durable et engag\u00e9e aux c\u00f4t\u00e9s de nos producteurs et partenaires.\n\n[\/et_pb_text][\/et_pb_column][et_pb_column type=\"1_2\" _builder_version=\"4.10.8\" _module_preset=\"default\" background_image=\"https:\/\/lexplorateurdugout.com\/wp-content\/uploads\/2021\/10\/Spiritheque.jpg\" custom_padding_tablet=\"||||true|false\" custom_padding_phone=\"||||true|false\" custom_padding_last_edited=\"on|phone\" hover_enabled=\"0\" global_colors_info=\"{}\" background_last_edited=\"on|tablet\" background_enable_image_tablet=\"off\" sticky_enabled=\"0\"][et_pb_image src=\"https:\/\/lexplorateurdugout.com\/wp-content\/uploads\/2021\/10\/Spiritheque.jpg\" _builder_version=\"4.10.8\" _module_preset=\"default\" title_text=\"Spiritheque\" disabled_on=\"off|off|on\" hover_enabled=\"0\" sticky_enabled=\"0\"][\/et_pb_image][\/et_pb_column][\/et_pb_row][\/et_pb_section]","_et_gb_content_width":"","footnotes":""},"acf":[],"_links":{"self":[{"href":"https:\/\/lexplorateurdugout.com\/en\/wp-json\/wp\/v2\/pages\/5088"}],"collection":[{"href":"https:\/\/lexplorateurdugout.com\/en\/wp-json\/wp\/v2\/pages"}],"about":[{"href":"https:\/\/lexplorateurdugout.com\/en\/wp-json\/wp\/v2\/types\/page"}],"author":[{"embeddable":true,"href":"https:\/\/lexplorateurdugout.com\/en\/wp-json\/wp\/v2\/users\/1"}],"replies":[{"embeddable":true,"href":"https:\/\/lexplorateurdugout.com\/en\/wp-json\/wp\/v2\/comments?post=5088"}],"version-history":[{"count":0,"href":"https:\/\/lexplorateurdugout.com\/en\/wp-json\/wp\/v2\/pages\/5088\/revisions"}],"wp:attachment":[{"href":"https:\/\/lexplorateurdugout.com\/en\/wp-json\/wp\/v2\/media?parent=5088"}],"curies":[{"name":"wp","href":"https:\/\/api.w.org\/{rel}","templated":true}]}}